{"id":536,"date":"2022-09-15T11:47:44","date_gmt":"2022-09-15T09:47:44","guid":{"rendered":"https:\/\/www.brueckenwirt.at\/data-protection\/"},"modified":"2022-09-15T11:47:45","modified_gmt":"2022-09-15T09:47:45","slug":"data-protection","status":"publish","type":"page","link":"https:\/\/www.brueckenwirt.at\/en\/data-protection\/","title":{"rendered":"Data protection"},"content":{"rendered":"<div class=\"fusion-fullwidth fullwidth-box fusion-builder-row-1 fusion-flex-container nonhundred-percent-fullwidth non-hundred-percent-height-scrolling\" style=\"--awb-border-radius-top-left:0px;--awb-border-radius-top-right:0px;--awb-border-radius-bottom-right:0px;--awb-border-radius-bottom-left:0px;--awb-flex-wrap:wrap;\" ><div class=\"fusion-builder-row fusion-row fusion-flex-align-items-flex-start fusion-flex-content-wrap\" style=\"max-width:1497.6px;margin-left: calc(-4% \/ 2 );margin-right: calc(-4% \/ 2 );\"><div class=\"fusion-layout-column fusion_builder_column fusion-builder-column-0 fusion_builder_column_1_1 1_1 fusion-flex-column\" style=\"--awb-bg-size:cover;--awb-width-large:100%;--awb-margin-top-large:0px;--awb-spacing-right-large:1.92%;--awb-margin-bottom-large:0px;--awb-spacing-left-large:1.92%;--awb-width-medium:100%;--awb-spacing-right-medium:1.92%;--awb-spacing-left-medium:1.92%;--awb-width-small:100%;--awb-spacing-right-small:1.92%;--awb-spacing-left-small:1.92%;\"><div class=\"fusion-column-wrapper fusion-flex-justify-content-flex-start fusion-content-layout-column\"><div class=\"fusion-text fusion-text-1\"><h1 class=\"fusion-responsive-typography-calculated\" data-fontsize=\"42\" data-lineheight=\"48.7167px\">Datenschutzerkl\u00e4rung<\/h1>\n<p>In dieser Datenschutzerkl\u00e4rung informieren wir Sie \u00fcber die Verarbeitung Ihrer personenbezogenen Daten.<\/p>\n<h2 class=\"fusion-responsive-typography-calculated\" data-fontsize=\"28\" data-lineheight=\"33.6px\">Verantwortlich<\/h2>\n<p>Br\u00fcckenwirt GmbH, Br\u00fcckenwirtweg 3, 5400 Hallein Rif, \u00d6sterreich, <a href=\"mailto:office@brueckenwirt.at\">office@brueckenwirt.at<\/a>, +43 6245 76194<\/p>\n<h2 class=\"fusion-responsive-typography-calculated\" data-fontsize=\"28\" data-lineheight=\"33.6px\">Hosting<\/h2>\n<h3 class=\"fusion-responsive-typography-calculated\" data-fontsize=\"24\" data-lineheight=\"31.2px\">World4You Internet Services GmbH<\/h3>\n<p>Wir hosten unsere Website bei unserem Auftragsverarbeiter <a href=\"https:\/\/www.world4you.com\" target=\"_blank\" rel=\"noopener\">World4You<\/a>, World4You Internet Services GmbH, Hafenstra\u00dfe 35, 4020 Linz, \u00d6sterreich.<\/p>\n<p>Zum Zweck der Bereitstellung und der Auslieferung der Website werden Verbindungsdaten verarbeitet. Zum blo\u00dfen Zweck der Auslieferung und Bereitstellung der Website werden die Daten \u00fcber den Aufruf hinaus nicht gespeichert.<\/p>\n<p>Die Rechtsgrundlage f\u00fcr die Datenverarbeitung ist das berechtigte Interesse (unbedingte technische Notwendigkeit zur Bereitstellung und Auslieferung des von Ihnen durch Ihren Aufruf ausdr\u00fccklich gew\u00fcnschten Dienstes \u201eWebsite\u201c) gem\u00e4\u00df Art. 6 Abs. 1 lit. f DSGVO.<\/p>\n<p>Zum Betrieb der Website werden die Verbindungsdaten und weitere personenbezogenen Daten zus\u00e4tzlich im Rahmen diverser anderer Funktionen bzw. Dienste verarbeitet. Dar\u00fcber wird im Rahmen dieser Datenschutzerkl\u00e4rung bei den einzelnen Funktionen bzw. Diensten im Detail informiert.<\/p>\n<h2 class=\"fusion-responsive-typography-calculated\" data-fontsize=\"28\" data-lineheight=\"33.6px\">Server Log Files<\/h2>\n<p>Zum Zweck der \u00dcberwachung der technischen Funktion und zur Erh\u00f6hung der Betriebssicherheit unseres Webhosts werden Verbindungsdaten verarbeitet. Die Dauer der Verarbeitung ist auf 7 Tage beschr\u00e4nkt.<\/p>\n<p>Die Rechtsgrundlage f\u00fcr die Datenverarbeitung ist das berechtigte Interesse (unbedingte technische Notwendigkeit eines Server Log Files als grundlegende Datenbasis zur Fehleranalyse und f\u00fcr Sicherheitsma\u00dfnahmen im Rahmen des durch Ihren Aufruf ausdr\u00fccklich gew\u00fcnschten Dienstes \u201eWebsite\u201c) gem\u00e4\u00df Art. 6 Abs. 1 lit. f DSGVO.<\/p>\n<h2 class=\"fusion-responsive-typography-calculated\" data-fontsize=\"28\" data-lineheight=\"33.6px\">Kontaktformular<\/h2>\n<p>Auf unserer Website besteht die M\u00f6glichkeit, durch ein Kontaktformular direkt mit uns in Kontakt zu treten. Nach Absenden des Kontaktformulars erfolgt eine Verarbeitung der von Ihnen eingegebenen personenbezogenen Daten durch den Verantwortlichen zum Zweck der Bearbeitung Ihrer Anfrage auf Grundlage der von Ihnen durch das Absenden des Formulars erteilten Einwilligung gem. Art. 6 Abs. 1 lit. a DSGVO bis auf Widerruf.<br \/>\nEs besteht keine gesetzliche oder vertragliche Verpflichtung zur Bereitstellung der personenbezogenen Daten. Die Nichtbereitstellung hat lediglich zur Folge, dass Sie Ihr Anliegen nicht \u00fcbermitteln und wir dieses nicht bearbeiten k\u00f6nnen.<\/p>\n<h2 class=\"fusion-responsive-typography-calculated\" data-fontsize=\"28\" data-lineheight=\"33.6px\">Sicherheitsdienste<\/h2>\n<p>Auf dieser Website nutzen wir zur Vermeidung von nicht menschlichen und automatisierten Eingaben das Angebot von Sicherheitsdienstleistern wie Captcha-Diensten.<\/p>\n<h3 class=\"fusion-responsive-typography-calculated\" data-fontsize=\"24\" data-lineheight=\"31.2px\">Google reCAPTCHA<\/h3>\n<p>Im Fall der Erteilung Ihrer Einwilligung verarbeiten wir mit dem Dienst <a href=\"https:\/\/www.google.com\/recaptcha\/intro\/v3.html\" target=\"_blank\" rel=\"noopener\">Google reCaptcha<\/a>, Google Ireland Limited, Gordon House, Barrow Street, Dublin 4, Irland als gemeinsame Verantwortliche Ihre personenbezogenen Daten zum Zweck der Vermeidung nicht menschlicher und automatisierter Eingaben. Dabei erm\u00f6glichen wir dem Dienst das Setzen von Cookies, die Erhebung von Verbindungsdaten und Daten ihres Webbrowsers. Zudem erm\u00f6glichen wir dem Dienst die Berechnung einer User-ID zur eindeutigen Identifizierung des Users im Rahmen des von Google betriebenen Werbenetzwerkes. Daten werden auf Ihrem Ger\u00e4t f\u00fcr die Dauer von bis zu zwei Jahren gespeichert.<\/p>\n<p>Die Rechtsgrundlage f\u00fcr die Datenverarbeitung ist Ihre Einwilligung gem\u00e4\u00df Art. 6 Abs 1 lit. a DSGVO. Die Nichterteilung der Einwilligung hat zur Folge, dass die Nutzung von reCaptcha und damit verbundenen Formularen nicht m\u00f6glich ist.<\/p>\n<p>Der Google Konzern \u00fcbermittelt Ihre personenbezogenen Daten in die USA. Die Rechtsgrundlage f\u00fcr die Daten\u00fcbermittlung in die USA ist Ihre Einwilligung gem\u00e4\u00df Art. 49 Abs 1 lit a iVm Art. 6 Abs 1 lit a DSGVO in Verbindung mit \u00a725 TTDSG. Sie wurden bereits vor Erteilung Ihrer Einwilligung informiert, dass die USA \u00fcber kein den Standards der EU entsprechendes Datenschutzniveau verf\u00fcgt. Insbesondere k\u00f6nnen US Geheimdienste auf Ihre Daten zugreifen, ohne dass Sie dar\u00fcber informiert werden und ohne dass Sie dagegen rechtlich vorgehen k\u00f6nnen. Der Europ\u00e4ische Gerichtshof hat aus diesem Grund in einem Urteil den fr\u00fcheren Angemessenheitsbeschluss (Privacy Shield) f\u00fcr ung\u00fcltig erkl\u00e4rt.<\/p>\n<h2 class=\"fusion-responsive-typography-calculated\" data-fontsize=\"28\" data-lineheight=\"33.6px\">Web-Schriften<\/h2>\n<h3 class=\"fusion-responsive-typography-calculated\" data-fontsize=\"24\" data-lineheight=\"31.2px\">Google Fonts<\/h3>\n<p>Wir verarbeiten mit unserem Auftragsverarbeiter <a href=\"https:\/\/fonts.google.com\/\" target=\"_blank\" rel=\"noopener\">Google Fonts<\/a>, Google Ireland Limited, Gordon House, Barrow Street, Dublin 4, Irland Verbindungsdaten und Browserdaten zum Zweck der Bereitstellung der vom Webbrowser zur Anzeige der Website ben\u00f6tigten Schriftarten. Diese Daten werden nur f\u00fcr die zur Auswahl und \u00dcbermittlung der Schriftarten ben\u00f6tigte Dauer verarbeitet.<\/p>\n<p>Die Rechtsgrundlage f\u00fcr die Datenverarbeitung ist das berechtigte Interesse (unbedingte technische Notwendigkeit zur Bereitstellung und Auslieferung des von Ihnen durch Ihren Aufruf ausdr\u00fccklich gew\u00fcnschten Dienstes \u201eWebsite\u201c) gem\u00e4\u00df Art. 6 Abs. 1 lit. f DSGVO.<\/p>\n<p>Soweit durch Google Fonts eine weitergehende eigenst\u00e4ndige Verarbeitung der Daten erfolgt, ist Google daf\u00fcr alleinige Verantwortliche. Details finden Sie in der <a href=\"https:\/\/policies.google.com\/privacy?gl=AT&amp;hl=de#intro\" target=\"_blank\" rel=\"noopener\">Datenschutzerkl\u00e4rung<\/a> und in den <a href=\"https:\/\/developers.google.com\/fonts\/faq\" target=\"_blank\" rel=\"noopener\">FAQ<\/a> von Google Fonts.<\/p>\n<h2 class=\"fusion-responsive-typography-calculated\" data-fontsize=\"28\" data-lineheight=\"33.6px\">Analysedienste<\/h2>\n<h3 class=\"fusion-responsive-typography-calculated\" data-fontsize=\"24\" data-lineheight=\"31.2px\">Google Analytics<\/h3>\n<p>Im Fall der Erteilung Ihrer Einwilligung verarbeiten wir mit dem Dienst <a href=\"https:\/\/analytics.google.com\" target=\"_blank\" rel=\"noopener\">Google Analytics<\/a>, Google LLC, Amphitheatre Parkway, Mountain View, CA 94043, USA, als gemeinsame Verantwortliche Ihre personenbezogenen Daten zum Zweck der Fehleranalyse und der statistischen Auswertung unserer Website. Die Nichterteilung der Einwilligung hat auf die Funktion der Website keine unmittelbare Auswirkung, ohne statistische Daten wird uns jedoch die Weiterentwicklung der Website erschwert.<\/p>\n<p>Wir erm\u00f6glichen dem Dienst die Erhebung von Verbindungsdaten, Daten ihres Webbrowsers und Daten \u00fcber die aufgerufenen Inhalte sowie die Ausf\u00fchrung von Analysesoftware und die Speicherung von Daten auf ihrem Endger\u00e4t. Der Dienst anonymisiert die erhobenen Daten unmittelbar nach der Erhebung und stellt uns die anonymen Daten in Form von Statistiken zur Auswertung zur Verf\u00fcgung. Wir nutzen diese Statistiken zur Fehlerbehebung und zur Weiterentwicklung unserer Website. Die Daten auf ihrem Endger\u00e4t werden f\u00fcr die Dauer von bis zu zwei Jahren gespeichert.<\/p>\n<p>Die Rechtsgrundlage f\u00fcr die Datenverarbeitung ist Ihre Einwilligung gem\u00e4\u00df Art. 6 Abs 1 lit. a DSGVO. Der Google Konzern \u00fcbermittelt Ihre personenbezogenen Daten in die USA. Die Rechtsgrundlage f\u00fcr die Daten\u00fcbermittlung in die USA ist Ihre Einwilligung gem\u00e4\u00df Art. 49 Abs 1 lit a iVm Art. 6 Abs 1 lit a DSGVO in Verbindung mit \u00a725 TTDSG. Sie wurden bereits vor Erteilung Ihrer Einwilligung informiert, dass die USA \u00fcber kein den Standards der EU entsprechendes Datenschutzniveau verf\u00fcgt. Insbesondere k\u00f6nnen US Geheimdienste auf Ihre Daten zugreifen, ohne dass Sie dar\u00fcber informiert werden und ohne dass Sie dagegen rechtlich vorgehen k\u00f6nnen. Der Europ\u00e4ische Gerichtshof hat aus diesem Grund in einem Urteil den fr\u00fcheren Angemessenheitsbeschluss (Privacy Shield) f\u00fcr ung\u00fcltig erkl\u00e4rt.<\/p>\n<h2 class=\"fusion-responsive-typography-calculated\" data-fontsize=\"28\" data-lineheight=\"33.6px\">Widerspruchsrecht<\/h2>\n<p>Sofern die Verarbeitung Ihrer personenbezogenen Daten auf Grundlage des berechtigten Interesses erfolgt, haben Sie das Recht gegen diese Verarbeitung zu widersprechen.<\/p>\n<p>Sofern keine zwingenden schutzw\u00fcrdigen Gr\u00fcnde f\u00fcr die Verarbeitung unsererseits vorliegen, wird die Verarbeitung Ihrer Daten auf Basis dieser Rechtsgrundlage eingestellt.<\/p>\n<p>Zudem haben Sie das Recht, der Verarbeitung Ihrer personenbezogenen Daten zum Zweck der Direktwerbung zu widersprechen. Im Fall des Widerspruchs werden Ihre personenbezogenen Daten nicht mehr zum Zweck der Direktwerbung verarbeitet.<\/p>\n<p>Die Rechtm\u00e4\u00dfigkeit der bis zum Widerspruch verarbeiteten Daten wird durch den Widerspruch nicht ber\u00fchrt.<\/p>\n<h2 class=\"fusion-responsive-typography-calculated\" data-fontsize=\"28\" data-lineheight=\"33.6px\">Widerrufsrecht<\/h2>\n<p>Im Fall der Einwilligung in den Erhalt elektronischer Werbung kann der Widerruf Ihrer Einwilligung durch Klick auf den Abmeldelink erfolgen. In diesem Fall wird eine Verarbeitung, sofern keine andere Rechtsgrundlage besteht, eingestellt.<\/p>\n<p>Die Rechtm\u00e4\u00dfigkeit der bis zum Widerruf verarbeiteten Daten wird durch den Widerruf nicht ber\u00fchrt.<\/p>\n<h2 class=\"fusion-responsive-typography-calculated\" data-fontsize=\"28\" data-lineheight=\"33.6px\">Betroffenenrechte<\/h2>\n<p>Sie haben zudem das Recht auf Auskunft, Berichtigung, L\u00f6schung und Einschr\u00e4nkung der Verarbeitung der personenbezogenen Daten.<\/p>\n<p>Soweit die Rechtsgrundlage der Verarbeitung Ihrer personenbezogenen Daten in Ihrer Einwilligung oder in einem mit Ihnen abgeschlossenen Vertrag besteht, haben Sie \u00fcberdies das Recht auf Daten\u00fcbertragbarkeit.<\/p>\n<p>Weiters haben Sie das Recht auf Beschwerde bei der Aufsichtsbeh\u00f6rde. N\u00e4here Informationen zu den Aufsichtsbeh\u00f6rden in der Europ\u00e4ischen Union finden Sie <a title=\"Datenschutzbeh\u00f6rden\" href=\"https:\/\/ec.europa.eu\/justice\/article-29\/structure\/data-protection-authorities\/index_en.htm\" target=\"_blank\" rel=\"noopener\">hier<\/a>.<\/p>\n<\/div><\/div><\/div><\/div><\/div>\n","protected":false},"excerpt":{"rendered":"","protected":false},"author":1,"featured_media":0,"parent":0,"menu_order":0,"comment_status":"closed","ping_status":"open","template":"","meta":{"inline_featured_image":false,"footnotes":""},"class_list":["post-536","page","type-page","status-publish","hentry"],"yoast_head":"<!-- This site is optimized with the Yoast SEO plugin v26.6 - https:\/\/yoast.com\/wordpress\/plugins\/seo\/ -->\n<title>Data protection - Br\u00fcckenwirt Hallein<\/title>\n<meta name=\"robots\" content=\"index, follow, max-snippet:-1, max-image-preview:large, max-video-preview:-1\" \/>\n<link rel=\"canonical\" href=\"https:\/\/www.brueckenwirt.at\/en\/data-protection\/\" \/>\n<meta property=\"og:locale\" content=\"en_US\" \/>\n<meta property=\"og:type\" content=\"article\" \/>\n<meta property=\"og:title\" content=\"Data protection - Br\u00fcckenwirt Hallein\" \/>\n<meta property=\"og:url\" content=\"https:\/\/www.brueckenwirt.at\/en\/data-protection\/\" \/>\n<meta property=\"og:site_name\" content=\"Br\u00fcckenwirt Hallein\" \/>\n<meta property=\"article:modified_time\" content=\"2022-09-15T09:47:45+00:00\" \/>\n<meta name=\"twitter:card\" content=\"summary_large_image\" \/>\n<meta name=\"twitter:label1\" content=\"Est. reading time\" \/>\n\t<meta name=\"twitter:data1\" content=\"7 minutes\" \/>\n<script type=\"application\/ld+json\" class=\"yoast-schema-graph\">{\"@context\":\"https:\/\/schema.org\",\"@graph\":[{\"@type\":\"WebPage\",\"@id\":\"https:\/\/www.brueckenwirt.at\/en\/data-protection\/\",\"url\":\"https:\/\/www.brueckenwirt.at\/en\/data-protection\/\",\"name\":\"Data protection - Br\u00fcckenwirt Hallein\",\"isPartOf\":{\"@id\":\"https:\/\/www.brueckenwirt.at\/en\/#website\"},\"datePublished\":\"2022-09-15T09:47:44+00:00\",\"dateModified\":\"2022-09-15T09:47:45+00:00\",\"breadcrumb\":{\"@id\":\"https:\/\/www.brueckenwirt.at\/en\/data-protection\/#breadcrumb\"},\"inLanguage\":\"en-US\",\"potentialAction\":[{\"@type\":\"ReadAction\",\"target\":[\"https:\/\/www.brueckenwirt.at\/en\/data-protection\/\"]}]},{\"@type\":\"BreadcrumbList\",\"@id\":\"https:\/\/www.brueckenwirt.at\/en\/data-protection\/#breadcrumb\",\"itemListElement\":[{\"@type\":\"ListItem\",\"position\":1,\"name\":\"Startseite\",\"item\":\"https:\/\/www.brueckenwirt.at\/en\/\"},{\"@type\":\"ListItem\",\"position\":2,\"name\":\"Data protection\"}]},{\"@type\":\"WebSite\",\"@id\":\"https:\/\/www.brueckenwirt.at\/en\/#website\",\"url\":\"https:\/\/www.brueckenwirt.at\/en\/\",\"name\":\"Br\u00fcckenwirt Hallein\",\"description\":\"Tradition seit 1865\",\"potentialAction\":[{\"@type\":\"SearchAction\",\"target\":{\"@type\":\"EntryPoint\",\"urlTemplate\":\"https:\/\/www.brueckenwirt.at\/en\/?s={search_term_string}\"},\"query-input\":{\"@type\":\"PropertyValueSpecification\",\"valueRequired\":true,\"valueName\":\"search_term_string\"}}],\"inLanguage\":\"en-US\"}]}<\/script>\n<!-- \/ Yoast SEO plugin. -->","yoast_head_json":{"title":"Data protection - Br\u00fcckenwirt Hallein","robots":{"index":"index","follow":"follow","max-snippet":"max-snippet:-1","max-image-preview":"max-image-preview:large","max-video-preview":"max-video-preview:-1"},"canonical":"https:\/\/www.brueckenwirt.at\/en\/data-protection\/","og_locale":"en_US","og_type":"article","og_title":"Data protection - Br\u00fcckenwirt Hallein","og_url":"https:\/\/www.brueckenwirt.at\/en\/data-protection\/","og_site_name":"Br\u00fcckenwirt Hallein","article_modified_time":"2022-09-15T09:47:45+00:00","twitter_card":"summary_large_image","twitter_misc":{"Est. reading time":"7 minutes"},"schema":{"@context":"https:\/\/schema.org","@graph":[{"@type":"WebPage","@id":"https:\/\/www.brueckenwirt.at\/en\/data-protection\/","url":"https:\/\/www.brueckenwirt.at\/en\/data-protection\/","name":"Data protection - Br\u00fcckenwirt Hallein","isPartOf":{"@id":"https:\/\/www.brueckenwirt.at\/en\/#website"},"datePublished":"2022-09-15T09:47:44+00:00","dateModified":"2022-09-15T09:47:45+00:00","breadcrumb":{"@id":"https:\/\/www.brueckenwirt.at\/en\/data-protection\/#breadcrumb"},"inLanguage":"en-US","potentialAction":[{"@type":"ReadAction","target":["https:\/\/www.brueckenwirt.at\/en\/data-protection\/"]}]},{"@type":"BreadcrumbList","@id":"https:\/\/www.brueckenwirt.at\/en\/data-protection\/#breadcrumb","itemListElement":[{"@type":"ListItem","position":1,"name":"Startseite","item":"https:\/\/www.brueckenwirt.at\/en\/"},{"@type":"ListItem","position":2,"name":"Data protection"}]},{"@type":"WebSite","@id":"https:\/\/www.brueckenwirt.at\/en\/#website","url":"https:\/\/www.brueckenwirt.at\/en\/","name":"Br\u00fcckenwirt Hallein","description":"Tradition seit 1865","potentialAction":[{"@type":"SearchAction","target":{"@type":"EntryPoint","urlTemplate":"https:\/\/www.brueckenwirt.at\/en\/?s={search_term_string}"},"query-input":{"@type":"PropertyValueSpecification","valueRequired":true,"valueName":"search_term_string"}}],"inLanguage":"en-US"}]}},"_links":{"self":[{"href":"https:\/\/www.brueckenwirt.at\/en\/wp-json\/wp\/v2\/pages\/536","targetHints":{"allow":["GET"]}}],"collection":[{"href":"https:\/\/www.brueckenwirt.at\/en\/wp-json\/wp\/v2\/pages"}],"about":[{"href":"https:\/\/www.brueckenwirt.at\/en\/wp-json\/wp\/v2\/types\/page"}],"author":[{"embeddable":true,"href":"https:\/\/www.brueckenwirt.at\/en\/wp-json\/wp\/v2\/users\/1"}],"replies":[{"embeddable":true,"href":"https:\/\/www.brueckenwirt.at\/en\/wp-json\/wp\/v2\/comments?post=536"}],"version-history":[{"count":2,"href":"https:\/\/www.brueckenwirt.at\/en\/wp-json\/wp\/v2\/pages\/536\/revisions"}],"predecessor-version":[{"id":538,"href":"https:\/\/www.brueckenwirt.at\/en\/wp-json\/wp\/v2\/pages\/536\/revisions\/538"}],"wp:attachment":[{"href":"https:\/\/www.brueckenwirt.at\/en\/wp-json\/wp\/v2\/media?parent=536"}],"curies":[{"name":"wp","href":"https:\/\/api.w.org\/{rel}","templated":true}]}}